{"id":37,"date":"2024-09-02T11:28:29","date_gmt":"2024-09-02T14:28:29","guid":{"rendered":"http:\/\/sbu.uenp.edu.br\/cj\/?page_id=37"},"modified":"2024-10-11T14:07:33","modified_gmt":"2024-10-11T17:07:33","slug":"periodicos","status":"publish","type":"page","link":"https:\/\/sbu.uenp.edu.br\/cj\/sistemas\/periodicos\/","title":{"rendered":"Peri\u00f3dicos"},"content":{"rendered":"<div class=\"flex-1 overflow-hidden\">\n<div class=\"react-scroll-to-bottom--css-svlmg-79elbk h-full\">\n<div class=\"react-scroll-to-bottom--css-svlmg-1n7m0yu\">\n<div>\n<div class=\"flex flex-col text-sm pb-9\">\n<div class=\"w-full text-token-text-primary\" dir=\"auto\" data-testid=\"conversation-turn-29\">\n<div class=\"px-4 py-2 justify-center text-base md:gap-6 m-auto\">\n<div class=\"flex flex-1 text-base mx-auto gap-3 juice:gap-4 juice:md:gap-6 md:px-5 lg:px-1 xl:px-5 md:max-w-3xl lg:max-w-[40rem] xl:max-w-[48rem] group final-completion\">\n<div class=\"relative flex w-full flex-col agent-turn\">\n<div class=\"flex-col gap-1 md:gap-3\">\n<div class=\"flex flex-grow flex-col max-w-full\">\n<div class=\"min-h-[20px] text-message flex flex-col items-start gap-3 whitespace-pre-wrap break-words [.text-message+&amp;]:mt-5 overflow-x-auto\" dir=\"auto\" data-message-author-role=\"assistant\" data-message-id=\"dd8f9a67-15dd-468c-8ab4-4c1de4468ada\">\n<div class=\"markdown prose w-full break-words dark:prose-invert light\">\n<hr \/>\n<p style=\"text-align: justify\"><span style=\"font-size: 12pt\">A Universidade Estadual do Norte do Paran\u00e1 (UENP), disponibiliza uma plataforma digital para peri\u00f3dicos. Esta plataforma pretende servir como uma ponte para o mundo fascinante dos peri\u00f3dicos acad\u00eamicos.<\/span><\/p>\n<p style=\"text-align: justify\"><span style=\"font-size: 12pt\">Os peri\u00f3dicos, verdadeiros tesouros do conhecimento cient\u00edfico, desempenham um papel crucial na dissemina\u00e7\u00e3o e avan\u00e7o das pesquisas em todas as \u00e1reas do conhecimento. Com sua capacidade de fornecer informa\u00e7\u00f5es atualizadas e rigorosamente revisadas, os peri\u00f3dicos s\u00e3o uma fonte essencial para estudantes, pesquisadores e profissionais que buscam manter-se atualizados com os avan\u00e7os em suas respectivas disciplinas.<\/span><\/p>\n<p style=\"text-align: justify\"><span style=\"font-size: 12pt\">Atualmente a plataforma disponibiliza para a comunidade em geral, acesso a revistas especializadas na \u00e1reas Jur\u00eddicas, Letras, Ensino e Pedag\u00f3gicas. Os peri\u00f3dicos dispon\u00edveis abrangem uma variedade de assuntos e oferecem insights valiosos sobre as \u00faltimas descobertas e tend\u00eancias em suas \u00e1reas de estudo.<\/span><\/p>\n<p style=\"text-align: justify\"><span style=\"font-size: 12pt\">Esses peri\u00f3dicos n\u00e3o s\u00e3o apenas fontes de informa\u00e7\u00e3o; eles s\u00e3o um elo vital na cadeia de conhecimento acad\u00eamico. Ao publicar seus trabalhos em peri\u00f3dicos respeitados, os pesquisadores contribuem para o avan\u00e7o do conhecimento em sua \u00e1rea e permitem que outros pesquisadores se beneficiem de suas descobertas.<\/span><\/p>\n<p style=\"text-align: justify\"><span style=\"font-size: 12pt\">Portanto, ao acessar a plataforma e explorar sua cole\u00e7\u00e3o de peri\u00f3dicos acad\u00eamicos, os membros da comunidade acad\u00eamica da UENP n\u00e3o apenas expandem seus horizontes intelectuais, mas tamb\u00e9m se tornam parte de uma rede global de pesquisa e colabora\u00e7\u00e3o. Essa oportunidade de acesso a peri\u00f3dicos de alta qualidade n\u00e3o apenas enriquece suas experi\u00eancias acad\u00eamicas, mas tamb\u00e9m os capacita a fazer contribui\u00e7\u00f5es significativas para o corpo de conhecimento de suas respectivas \u00e1reas.<\/span><\/p>\n<\/div>\n<\/div>\n<\/div>\n<\/div>\n<\/div>\n<\/div>\n<\/div>\n<\/div>\n<\/div>\n<\/div>\n<\/div>\n<\/div>\n<\/div>\n","protected":false},"excerpt":{"rendered":"","protected":false},"author":1,"featured_media":0,"parent":33,"menu_order":0,"comment_status":"closed","ping_status":"closed","template":"","meta":{"footnotes":""},"class_list":["post-37","page","type-page","status-publish","hentry"],"_links":{"self":[{"href":"https:\/\/sbu.uenp.edu.br\/cj\/wp-json\/wp\/v2\/pages\/37","targetHints":{"allow":["GET"]}}],"collection":[{"href":"https:\/\/sbu.uenp.edu.br\/cj\/wp-json\/wp\/v2\/pages"}],"about":[{"href":"https:\/\/sbu.uenp.edu.br\/cj\/wp-json\/wp\/v2\/types\/page"}],"author":[{"embeddable":true,"href":"https:\/\/sbu.uenp.edu.br\/cj\/wp-json\/wp\/v2\/users\/1"}],"replies":[{"embeddable":true,"href":"https:\/\/sbu.uenp.edu.br\/cj\/wp-json\/wp\/v2\/comments?post=37"}],"version-history":[{"count":3,"href":"https:\/\/sbu.uenp.edu.br\/cj\/wp-json\/wp\/v2\/pages\/37\/revisions"}],"predecessor-version":[{"id":381,"href":"https:\/\/sbu.uenp.edu.br\/cj\/wp-json\/wp\/v2\/pages\/37\/revisions\/381"}],"up":[{"embeddable":true,"href":"https:\/\/sbu.uenp.edu.br\/cj\/wp-json\/wp\/v2\/pages\/33"}],"wp:attachment":[{"href":"https:\/\/sbu.uenp.edu.br\/cj\/wp-json\/wp\/v2\/media?parent=37"}],"curies":[{"name":"wp","href":"https:\/\/api.w.org\/{rel}","templated":true}]}}