{"id":29,"date":"2024-09-02T11:20:16","date_gmt":"2024-09-02T14:20:16","guid":{"rendered":"http:\/\/sbu.uenp.edu.br\/cj\/?page_id=29"},"modified":"2024-10-04T14:01:36","modified_gmt":"2024-10-04T17:01:36","slug":"servicos","status":"publish","type":"page","link":"https:\/\/sbu.uenp.edu.br\/cj\/servicos\/","title":{"rendered":"Servi\u00e7os"},"content":{"rendered":"<div class=\"container\">\n<div class=\"left-column\">\n<table style=\"height: 118px;width: 101.201%;border-collapse: collapse;border-color: #000000;background-color: #f2eded;border-style: solid\" border=\"0\">\n<caption>\u00a0<\/caption>\n<tbody>\n<tr style=\"height: 129px\">\n<td style=\"width: 57.1624%;height: 118px\">\n<p style=\"text-align: justify\"><span class=\"OYPEnA font-feature-liga-off font-feature-clig-off font-feature-calt-off text-decoration-none text-strikethrough-none\" style=\"font-size: 14pt\">Oferecemos diversos servi\u00e7os informacionais, destinados tanto \u00e0 comunidade acad\u00eamica quanto ao p\u00fablico em geral.<\/span><\/p>\n<hr \/>\n<p style=\"text-align: justify\"><span style=\"font-size: 14pt\">Nosso principal objetivo \u00e9 promover e apoiar as atividades de ensino, a pesquisa e a extens\u00e3o.<\/span><\/p>\n<hr \/>\n<p style=\"text-align: justify\"><span style=\"font-size: 14pt\">Buscamos facilitar o acesso, a dissemina\u00e7\u00e3o e compartilhamento de informa\u00e7\u00f5es.<\/span><\/p>\n<\/td>\n<td style=\"width: 111.545%;height: 118px\">\n<p style=\"text-align: center;padding-left: 40px\"><span style=\"text-decoration: underline\"><span style=\"font-size: 14pt\"><strong>Servi\u00e7os CJ<\/strong><\/span><\/span><\/p>\n<p style=\"padding-left: 40px\"><span style=\"font-size: 12pt\"><strong>\u2192 Acesso Wi-fi e Computadores<\/strong><\/span><br \/>\n<span style=\"font-size: 12pt\"><strong>\u2192 Atendimento ao Usu\u00e1rio<\/strong><\/span><br \/>\n<span style=\"font-size: 12pt\"><strong>\u2192 Cataloga\u00e7\u00e3o na Publica\u00e7\u00e3o<\/strong><\/span><br \/>\n<span style=\"font-size: 12pt\"><strong>\u2192 Catalogo online<\/strong><\/span><br \/>\n<span style=\"font-size: 12pt\"><strong>\u2192 Consulte o Acervo<\/strong><\/span><br \/>\n<span style=\"font-size: 12pt\"><strong>\u2192 Disserta\u00e7\u00e3o e Tese<\/strong><\/span><br \/>\n<span style=\"font-size: 12pt\"><strong>\u2192 E-books<\/strong><\/span><br \/>\n<span style=\"font-size: 12pt\"><strong>\u2192 Empr\u00e9stimos\/Devolu\u00e7\u00e3o<\/strong><\/span><br \/>\n<span style=\"font-size: 12pt\"><strong>\u2192 Orienta\u00e7\u00e3o sobre Normaliza\u00e7\u00e3o<\/strong><\/span><br \/>\n<span style=\"font-size: 12pt\"><strong>\u2192 Renova\u00e7\u00e3o<\/strong><\/span><br \/>\n<span style=\"font-size: 12pt\"><strong>\u2192 Visitas Orientadas<\/strong><\/span><\/p>\n<\/td>\n<\/tr>\n<\/tbody>\n<\/table>\n<\/div>\n<\/div>\n","protected":false},"excerpt":{"rendered":"","protected":false},"author":1,"featured_media":0,"parent":0,"menu_order":0,"comment_status":"closed","ping_status":"closed","template":"","meta":{"footnotes":""},"class_list":["post-29","page","type-page","status-publish","hentry"],"_links":{"self":[{"href":"https:\/\/sbu.uenp.edu.br\/cj\/wp-json\/wp\/v2\/pages\/29","targetHints":{"allow":["GET"]}}],"collection":[{"href":"https:\/\/sbu.uenp.edu.br\/cj\/wp-json\/wp\/v2\/pages"}],"about":[{"href":"https:\/\/sbu.uenp.edu.br\/cj\/wp-json\/wp\/v2\/types\/page"}],"author":[{"embeddable":true,"href":"https:\/\/sbu.uenp.edu.br\/cj\/wp-json\/wp\/v2\/users\/1"}],"replies":[{"embeddable":true,"href":"https:\/\/sbu.uenp.edu.br\/cj\/wp-json\/wp\/v2\/comments?post=29"}],"version-history":[{"count":103,"href":"https:\/\/sbu.uenp.edu.br\/cj\/wp-json\/wp\/v2\/pages\/29\/revisions"}],"predecessor-version":[{"id":342,"href":"https:\/\/sbu.uenp.edu.br\/cj\/wp-json\/wp\/v2\/pages\/29\/revisions\/342"}],"wp:attachment":[{"href":"https:\/\/sbu.uenp.edu.br\/cj\/wp-json\/wp\/v2\/media?parent=29"}],"curies":[{"name":"wp","href":"https:\/\/api.w.org\/{rel}","templated":true}]}}