{"id":27,"date":"2024-09-02T11:19:54","date_gmt":"2024-09-02T14:19:54","guid":{"rendered":"http:\/\/sbu.uenp.edu.br\/cj\/?page_id=27"},"modified":"2025-02-24T09:15:52","modified_gmt":"2025-02-24T12:15:52","slug":"publicacoes","status":"publish","type":"page","link":"https:\/\/sbu.uenp.edu.br\/cj\/publicacoes\/","title":{"rendered":"POL\u00cdTICA\/REGULAMENTO"},"content":{"rendered":"<p><span style=\"font-size: 12pt\">____________________________<\/span><br \/>\n<span style=\"font-size: 12pt\"><strong>RESOLU\u00c7\u00d5ES<\/strong><\/span><\/p>\n<p><span style=\"font-size: 12pt\"><a href=\"https:\/\/uenp.edu.br\/doc-conselhos-uenp\/cad\/cad-resolucoes\/cad-resolucoes-2013\/2299-resolucao-001-2013\/file\" target=\"_blank\" rel=\"noopener\"><strong>001\/2013<\/strong><\/a> &#8211; Regulamento das Bibliotecas da Universidade Estadual do Norte do Paran\u00e1.<\/span><\/p>\n<p><span style=\"font-size: 12pt\"><strong><a href=\"https:\/\/uenp.edu.br\/doc-conselhos-uenp\/cad\/cad-resolucoes\/cad-resolucoes-2023\/24192-resolucao-002-2023-cad-uenp\/file\">002\/2023<\/a><\/strong> &#8211; Orienta\u00e7\u00f5es para solicita\u00e7\u00e3o e aquisi\u00e7\u00e3o de materiais bibliogr\u00e1ficos.\u00a0<\/span><\/p>\n<p><span style=\"font-size: 12pt\">____________________________<\/span><br \/>\n<span style=\"font-size: 12pt\"><strong>POL\u00cdTICA<\/strong><\/span><\/p>\n<p><span style=\"font-size: 12pt\"><strong><a href=\"https:\/\/sbu.uenp.edu.br\/wp-content\/uploads\/2024\/10\/PDC.pdf\">PDC <\/a>\u00a0<\/strong>&#8211; Pol\u00edtica de Desenvolvimento de Cole\u00e7\u00f5es (PDC)<\/span><\/p>\n<p>&nbsp;<\/p>\n<p>&nbsp;<\/p>\n<p>&nbsp;<\/p>\n","protected":false},"excerpt":{"rendered":"","protected":false},"author":1,"featured_media":0,"parent":0,"menu_order":0,"comment_status":"closed","ping_status":"closed","template":"","meta":{"footnotes":""},"class_list":["post-27","page","type-page","status-publish","hentry"],"_links":{"self":[{"href":"https:\/\/sbu.uenp.edu.br\/cj\/wp-json\/wp\/v2\/pages\/27","targetHints":{"allow":["GET"]}}],"collection":[{"href":"https:\/\/sbu.uenp.edu.br\/cj\/wp-json\/wp\/v2\/pages"}],"about":[{"href":"https:\/\/sbu.uenp.edu.br\/cj\/wp-json\/wp\/v2\/types\/page"}],"author":[{"embeddable":true,"href":"https:\/\/sbu.uenp.edu.br\/cj\/wp-json\/wp\/v2\/users\/1"}],"replies":[{"embeddable":true,"href":"https:\/\/sbu.uenp.edu.br\/cj\/wp-json\/wp\/v2\/comments?post=27"}],"version-history":[{"count":13,"href":"https:\/\/sbu.uenp.edu.br\/cj\/wp-json\/wp\/v2\/pages\/27\/revisions"}],"predecessor-version":[{"id":421,"href":"https:\/\/sbu.uenp.edu.br\/cj\/wp-json\/wp\/v2\/pages\/27\/revisions\/421"}],"wp:attachment":[{"href":"https:\/\/sbu.uenp.edu.br\/cj\/wp-json\/wp\/v2\/media?parent=27"}],"curies":[{"name":"wp","href":"https:\/\/api.w.org\/{rel}","templated":true}]}}