{"id":199,"date":"2024-10-03T15:37:22","date_gmt":"2024-10-03T18:37:22","guid":{"rendered":"https:\/\/sbu.uenp.edu.br\/cj\/?page_id=199"},"modified":"2024-10-21T09:35:21","modified_gmt":"2024-10-21T12:35:21","slug":"acervo","status":"publish","type":"page","link":"https:\/\/sbu.uenp.edu.br\/cj\/acervo\/","title":{"rendered":"Acervo"},"content":{"rendered":"<hr \/>\n<p style=\"text-align: justify\"><span style=\"font-size: 12pt\">O acervo das Bibliotecas UENP\/CJ \u00e9 constitu\u00eddo por livros, peri\u00f3dicos, monografias, disserta\u00e7\u00f5es, teses, bases de dados e e-books.<\/span><\/p>\n<p style=\"text-align: justify\"><span style=\"font-size: 12pt\">Nosso acervo f\u00edsico conta com diversos t\u00edtulos.<\/span><\/p>\n<p style=\"text-align: justify\"><span style=\"font-size: 12pt\">A consulta local ao acervo f\u00edsico das Bibliotecas CJ est\u00e1 dispon\u00edvel \u00e0 comunidade acad\u00eamica e externa.<\/span><\/p>\n<p style=\"text-align: justify\"><span style=\"font-size: 12pt\">Para consultar nosso acervo, <strong><span style=\"text-decoration: underline;color: #be9566\"><a style=\"color: #be9566;text-decoration: underline\" href=\"https:\/\/gnuteca.uenp.edu.br\/\" target=\"_blank\" rel=\"noopener\">clique aqui<\/a><\/span><\/strong>.<\/span><\/p>\n","protected":false},"excerpt":{"rendered":"","protected":false},"author":7,"featured_media":0,"parent":0,"menu_order":0,"comment_status":"closed","ping_status":"closed","template":"","meta":{"footnotes":""},"class_list":["post-199","page","type-page","status-publish","hentry"],"_links":{"self":[{"href":"https:\/\/sbu.uenp.edu.br\/cj\/wp-json\/wp\/v2\/pages\/199","targetHints":{"allow":["GET"]}}],"collection":[{"href":"https:\/\/sbu.uenp.edu.br\/cj\/wp-json\/wp\/v2\/pages"}],"about":[{"href":"https:\/\/sbu.uenp.edu.br\/cj\/wp-json\/wp\/v2\/types\/page"}],"author":[{"embeddable":true,"href":"https:\/\/sbu.uenp.edu.br\/cj\/wp-json\/wp\/v2\/users\/7"}],"replies":[{"embeddable":true,"href":"https:\/\/sbu.uenp.edu.br\/cj\/wp-json\/wp\/v2\/comments?post=199"}],"version-history":[{"count":13,"href":"https:\/\/sbu.uenp.edu.br\/cj\/wp-json\/wp\/v2\/pages\/199\/revisions"}],"predecessor-version":[{"id":410,"href":"https:\/\/sbu.uenp.edu.br\/cj\/wp-json\/wp\/v2\/pages\/199\/revisions\/410"}],"wp:attachment":[{"href":"https:\/\/sbu.uenp.edu.br\/cj\/wp-json\/wp\/v2\/media?parent=199"}],"curies":[{"name":"wp","href":"https:\/\/api.w.org\/{rel}","templated":true}]}}