{"id":25,"date":"2024-09-02T11:18:56","date_gmt":"2024-09-02T14:18:56","guid":{"rendered":"http:\/\/sbu.uenp.edu.br\/ccp\/?page_id=25"},"modified":"2025-04-10T09:02:37","modified_gmt":"2025-04-10T12:02:37","slug":"servidores","status":"publish","type":"page","link":"https:\/\/sbu.uenp.edu.br\/ccp\/servidores\/","title":{"rendered":"Servidores BC- CCP"},"content":{"rendered":"<hr \/>\n<p style=\"text-align: left\"><span style=\"font-family: arial, helvetica, sans-serif;font-size: 12pt\"><strong><span style=\"color: #0000ff\">Conhe\u00e7a a equipe de trabalho da Biblioteca Central do Campus Corn\u00e9lio Proc\u00f3pio:<\/span><\/strong><\/span><\/p>\n<ul style=\"list-style-type: circle\">\n<li style=\"text-align: left\"><span style=\"font-size: 12pt;font-family: arial, helvetica, sans-serif\"><strong>Juliana Jacob de Andrade (Bibliotec\u00e1ria) <\/strong>= Respons\u00e1vel pelo gerenciamento e processamentos t\u00e9cnicos.<\/span><\/li>\n<li style=\"text-align: left\"><span style=\"font-size: 12pt;font-family: arial, helvetica, sans-serif\"><strong>Marani Bastos Lima (Agente CRES)<\/strong> = Respons\u00e1vel pelo atendimento aos usu\u00e1rios.<\/span><\/li>\n<li style=\"text-align: left\"><span style=\"font-size: 12pt;font-family: arial, helvetica, sans-serif\"><strong>Danielly Ribeiro (Agente CRES)<\/strong> = Respons\u00e1vel pelo atendimento aos usu\u00e1rios.<\/span><\/li>\n<li style=\"text-align: left\"><span style=\"font-size: 12pt;font-family: arial, helvetica, sans-serif\"><strong>Kau\u00ea Trindade (Agente CRES)<\/strong> = Respons\u00e1vel pelo atendimento aos usu\u00e1rios.<\/span><\/li>\n<\/ul>\n","protected":false},"excerpt":{"rendered":"","protected":false},"author":1,"featured_media":0,"parent":0,"menu_order":0,"comment_status":"closed","ping_status":"closed","template":"","meta":{"footnotes":""},"class_list":["post-25","page","type-page","status-publish","hentry"],"_links":{"self":[{"href":"https:\/\/sbu.uenp.edu.br\/ccp\/wp-json\/wp\/v2\/pages\/25","targetHints":{"allow":["GET"]}}],"collection":[{"href":"https:\/\/sbu.uenp.edu.br\/ccp\/wp-json\/wp\/v2\/pages"}],"about":[{"href":"https:\/\/sbu.uenp.edu.br\/ccp\/wp-json\/wp\/v2\/types\/page"}],"author":[{"embeddable":true,"href":"https:\/\/sbu.uenp.edu.br\/ccp\/wp-json\/wp\/v2\/users\/1"}],"replies":[{"embeddable":true,"href":"https:\/\/sbu.uenp.edu.br\/ccp\/wp-json\/wp\/v2\/comments?post=25"}],"version-history":[{"count":18,"href":"https:\/\/sbu.uenp.edu.br\/ccp\/wp-json\/wp\/v2\/pages\/25\/revisions"}],"predecessor-version":[{"id":280,"href":"https:\/\/sbu.uenp.edu.br\/ccp\/wp-json\/wp\/v2\/pages\/25\/revisions\/280"}],"wp:attachment":[{"href":"https:\/\/sbu.uenp.edu.br\/ccp\/wp-json\/wp\/v2\/media?parent=25"}],"curies":[{"name":"wp","href":"https:\/\/api.w.org\/{rel}","templated":true}]}}