{"id":241,"date":"2024-10-24T16:21:01","date_gmt":"2024-10-24T19:21:01","guid":{"rendered":"https:\/\/sbu.uenp.edu.br\/ccp\/?page_id=241"},"modified":"2024-12-06T16:45:55","modified_gmt":"2024-12-06T19:45:55","slug":"acervo","status":"publish","type":"page","link":"https:\/\/sbu.uenp.edu.br\/ccp\/acervo\/","title":{"rendered":"Acervo"},"content":{"rendered":"<hr \/>\n<p style=\"text-align: justify\"><span style=\"font-size: 12pt\">O acervo da Biblioteca Central CCP \u00e9 constitu\u00eddo por livros, peri\u00f3dicos, monografias, disserta\u00e7\u00f5es, teses, bases de dados e e-books.<\/span><\/p>\n<p style=\"text-align: justify\"><span style=\"font-size: 12pt\">Nosso acervo f\u00edsico conta com diversos t\u00edtulos.<\/span><\/p>\n<p style=\"text-align: justify\"><span style=\"font-size: 12pt\">A consulta local ao acervo f\u00edsico da Biblioteca Central CCP est\u00e1 dispon\u00edvel \u00e0 comunidade acad\u00eamica e externa.<\/span><\/p>\n<p style=\"text-align: justify\"><span style=\"font-size: 12pt\">Para consultar nosso acervo,\u00a0<strong><a href=\"https:\/\/gnuteca.uenp.edu.br\/\" target=\"_blank\" rel=\"noopener\">clique aqui<\/a><\/strong>.<\/span><\/p>\n<hr \/>\n","protected":false},"excerpt":{"rendered":"","protected":false},"author":7,"featured_media":0,"parent":0,"menu_order":0,"comment_status":"closed","ping_status":"closed","template":"","meta":{"footnotes":""},"class_list":["post-241","page","type-page","status-publish","hentry"],"_links":{"self":[{"href":"https:\/\/sbu.uenp.edu.br\/ccp\/wp-json\/wp\/v2\/pages\/241","targetHints":{"allow":["GET"]}}],"collection":[{"href":"https:\/\/sbu.uenp.edu.br\/ccp\/wp-json\/wp\/v2\/pages"}],"about":[{"href":"https:\/\/sbu.uenp.edu.br\/ccp\/wp-json\/wp\/v2\/types\/page"}],"author":[{"embeddable":true,"href":"https:\/\/sbu.uenp.edu.br\/ccp\/wp-json\/wp\/v2\/users\/7"}],"replies":[{"embeddable":true,"href":"https:\/\/sbu.uenp.edu.br\/ccp\/wp-json\/wp\/v2\/comments?post=241"}],"version-history":[{"count":8,"href":"https:\/\/sbu.uenp.edu.br\/ccp\/wp-json\/wp\/v2\/pages\/241\/revisions"}],"predecessor-version":[{"id":269,"href":"https:\/\/sbu.uenp.edu.br\/ccp\/wp-json\/wp\/v2\/pages\/241\/revisions\/269"}],"wp:attachment":[{"href":"https:\/\/sbu.uenp.edu.br\/ccp\/wp-json\/wp\/v2\/media?parent=241"}],"curies":[{"name":"wp","href":"https:\/\/api.w.org\/{rel}","templated":true}]}}