{"id":15,"date":"2024-09-02T11:15:15","date_gmt":"2024-09-02T14:15:15","guid":{"rendered":"http:\/\/sbu.uenp.edu.br\/ccp\/?page_id=15"},"modified":"2026-03-06T14:46:00","modified_gmt":"2026-03-06T17:46:00","slug":"contato","status":"publish","type":"page","link":"https:\/\/sbu.uenp.edu.br\/ccp\/contato\/","title":{"rendered":"Contatos"},"content":{"rendered":"<hr \/>\n<p style=\"text-align: justify;\"><span style=\"font-size: 12pt; font-family: arial, helvetica, sans-serif;\"><strong>Campus Corn\u00e9lio Proc\u00f3pio<br \/>\n<\/strong>CEP 86.304-028 &#8211; Corn\u00e9lio Proc\u00f3pio &#8211; Paran\u00e1<\/span><\/p>\n<p style=\"text-align: justify;\"><span style=\"font-size: 12pt; font-family: arial, helvetica, sans-serif;\">PR 160 &#8211; Km 0 &#8211; Setor 5 &#8211; Campus de Corn\u00e9lio Proc\u00f3pio<\/span><\/p>\n<p style=\"text-align: justify;\"><span style=\"font-size: 12pt; font-family: arial, helvetica, sans-serif;\"><strong>Telefone:<\/strong> (43) 3520-1755<\/span><\/p>\n<p style=\"text-align: justify;\"><span style=\"font-size: 12pt; font-family: arial, helvetica, sans-serif;\">Bibliotec\u00e1ria Respons\u00e1vel: <em><strong>Juliana Jacob de Andrade &#8211; CRB\/9 &#8211; 1669<\/strong><\/em><\/span><\/p>\n<p style=\"text-align: justify;\"><span style=\"font-size: 12pt; font-family: arial, helvetica, sans-serif;\"><strong>E-mail:<\/strong> <span style=\"text-decoration: underline;\"><a href=\"mailto:biblioteca.ccp@uenp.edu.br\"><strong><span style=\"color: #0000ff; text-decoration: underline;\">biblioteca.ccp@uenp.edu.br<\/span><\/strong><\/a><\/span><\/span><\/p>\n<p><span style=\"font-family: arial, helvetica, sans-serif; font-size: 12pt;\">Hor\u00e1rio de Atendimento: de segunda a sexta das 09:00 \u00e0s 22:00<\/span><\/p>\n<p style=\"text-align: justify;\"><span style=\"font-size: 12pt; font-family: arial, helvetica, sans-serif;\">(<a href=\"https:\/\/goo.gl\/maps\/ZW89GFrzwiJEv5do6\" target=\"_blank\" rel=\"noopener\">Veja no mapa<\/a>)<\/span><\/p>\n","protected":false},"excerpt":{"rendered":"","protected":false},"author":1,"featured_media":0,"parent":0,"menu_order":0,"comment_status":"closed","ping_status":"closed","template":"","meta":{"footnotes":""},"class_list":["post-15","page","type-page","status-publish","hentry"],"_links":{"self":[{"href":"https:\/\/sbu.uenp.edu.br\/ccp\/wp-json\/wp\/v2\/pages\/15","targetHints":{"allow":["GET"]}}],"collection":[{"href":"https:\/\/sbu.uenp.edu.br\/ccp\/wp-json\/wp\/v2\/pages"}],"about":[{"href":"https:\/\/sbu.uenp.edu.br\/ccp\/wp-json\/wp\/v2\/types\/page"}],"author":[{"embeddable":true,"href":"https:\/\/sbu.uenp.edu.br\/ccp\/wp-json\/wp\/v2\/users\/1"}],"replies":[{"embeddable":true,"href":"https:\/\/sbu.uenp.edu.br\/ccp\/wp-json\/wp\/v2\/comments?post=15"}],"version-history":[{"count":18,"href":"https:\/\/sbu.uenp.edu.br\/ccp\/wp-json\/wp\/v2\/pages\/15\/revisions"}],"predecessor-version":[{"id":286,"href":"https:\/\/sbu.uenp.edu.br\/ccp\/wp-json\/wp\/v2\/pages\/15\/revisions\/286"}],"wp:attachment":[{"href":"https:\/\/sbu.uenp.edu.br\/ccp\/wp-json\/wp\/v2\/media?parent=15"}],"curies":[{"name":"wp","href":"https:\/\/api.w.org\/{rel}","templated":true}]}}